{"id":464,"date":"2012-02-24T17:09:36","date_gmt":"2012-02-24T17:09:36","guid":{"rendered":"http:\/\/manuelastrack.com\/?page_id=464"},"modified":"2021-10-21T17:12:32","modified_gmt":"2021-10-21T17:12:32","slug":"impressum","status":"publish","type":"page","link":"http:\/\/manuelastrack.com\/?page_id=464","title":{"rendered":"Impressum"},"content":{"rendered":"\t\t<div data-elementor-type=\"wp-page\" data-elementor-id=\"464\" class=\"elementor elementor-464\" data-elementor-settings=\"[]\">\n\t\t\t\t\t\t\t<div class=\"elementor-section-wrap\">\n\t\t\t\t\t\t\t<section class=\"elementor-section elementor-top-section elementor-element elementor-element-755ac50 elementor-section-boxed elementor-section-height-default elementor-section-height-default\" data-id=\"755ac50\" data-element_type=\"section\">\n\t\t\t\t\t\t<div class=\"elementor-container elementor-column-gap-default\">\n\t\t\t\t\t<div class=\"elementor-column elementor-col-100 elementor-top-column elementor-element elementor-element-e5b3bd6\" data-id=\"e5b3bd6\" data-element_type=\"column\">\n\t\t\t<div class=\"elementor-widget-wrap elementor-element-populated\">\n\t\t\t\t\t\t\t\t<div class=\"elementor-element elementor-element-c75eea1 elementor-widget elementor-widget-text-editor\" data-id=\"c75eea1\" data-element_type=\"widget\" data-widget_type=\"text-editor.default\">\n\t\t\t\t<div class=\"elementor-widget-container\">\n\t\t\t<style>\/*! elementor - v3.5.5 - 03-02-2022 *\/\n.elementor-widget-text-editor.elementor-drop-cap-view-stacked .elementor-drop-cap{background-color:#818a91;color:#fff}.elementor-widget-text-editor.elementor-drop-cap-view-framed .elementor-drop-cap{color:#818a91;border:3px solid;background-color:transparent}.elementor-widget-text-editor:not(.elementor-drop-cap-view-default) .elementor-drop-cap{margin-top:8px}.elementor-widget-text-editor:not(.elementor-drop-cap-view-default) .elementor-drop-cap-letter{width:1em;height:1em}.elementor-widget-text-editor .elementor-drop-cap{float:left;text-align:center;line-height:1;font-size:50px}.elementor-widget-text-editor .elementor-drop-cap-letter{display:inline-block}<\/style>\t\t\t\t<h6><strong>Diensteanbieter<\/strong><\/h6><p>Manuela Strack<br \/>R\u00f6merstr. 12<br \/>56283 Beulich<br \/>Deutschland<\/p><h6><strong>Kontaktm\u00f6glichkeiten<\/strong><\/h6><p>E-Mail-Adresse: <a href=\"mailto:info@manuelastrack.com\" target=\"_blank\" rel=\"noopener\">info@manuelastrack.com<\/a><br \/>Telefon: 0176-61031642<\/p><h6><strong>Audiovisuelle Mediendienste<\/strong><\/h6><p>Sitzland: Deutschland<\/p><p>Zust\u00e4ndige Regulierungs-, bzw. Aufsichtsbeh\u00f6rde: Medienanstalt Rheinland-Pfalz, <a href=\"https:\/\/www.lmk-online.de\/\">https:\/\/www.lmk-online.de\/<\/a><\/p><h6><strong>Angaben zum Unternehmen<\/strong><\/h6><p><strong>Haftungs- und Schutzrechtshinweise<\/strong><\/p><p><strong>Haftungsausschluss<\/strong>: Die Inhalte dieses Onlineangebotes wurden sorgf\u00e4ltig und nach unserem aktuellen Kenntnisstand erstellt, dienen jedoch nur der Information und entfalten keine rechtlich bindende Wirkung, sofern es sich nicht um gesetzlich verpflichtende Informationen (z.B. das Impressum, die Datenschutzerkl\u00e4rung, AGB oder verpflichtende Belehrungen von Verbrauchern) handelt. Wir behalten uns vor, die Inhalte vollst\u00e4ndig oder teilweise zu \u00e4ndern oder zu l\u00f6schen, soweit vertragliche Verpflichtungen unber\u00fchrt bleiben. Alle Angebote sind freibleibend und unverbindlich.<\/p><p><strong>Urheberrechte und Markenrechte<\/strong>: Alle auf dieser Website dargestellten Inhalte, wie Texte, Fotografien, Grafiken, Marken und Warenzeichen sind durch die jeweiligen Schutzrechte (Urheberrechte, Markenrechte) gesch\u00fctzt. Die Verwendung, Vervielf\u00e4ltigung usw. unterliegen unseren Rechten oder den Rechten der jeweiligen Urheber bzw. Rechteinhaber.<\/p><p><strong>Hinweise auf Rechtsverst\u00f6\u00dfe<\/strong>: Sollten Sie innerhalb unseres Internetauftritts Rechtsverst\u00f6\u00dfe bemerken, bitten wir Sie uns auf diese hinzuweisen. Wir werden rechtswidrige Inhalte und Links nach Kenntnisnahme unverz\u00fcglich entfernen.<\/p><p><a href=\"https:\/\/datenschutz-generator.de\/?l=de\" target=\"_blank\" rel=\"noopener\">Erstellt mit kostenlosem Datenschutz-Generator.de von Dr. Thomas Schwenke<\/a><\/p>\t\t\t\t\t\t<\/div>\n\t\t\t\t<\/div>\n\t\t\t\t\t<\/div>\n\t\t<\/div>\n\t\t\t\t\t\t\t<\/div>\n\t\t<\/section>\n\t\t\t\t\t\t<\/div>\n\t\t\t\t\t<\/div>\n\t\t","protected":false},"excerpt":{"rendered":"<p>Diensteanbieter Manuela StrackR\u00f6merstr. 1256283 BeulichDeutschland Kontaktm\u00f6glichkeiten E-Mail-Adresse: info@manuelastrack.comTelefon: 0176-61031642 Audiovisuelle Mediendienste Sitzland: Deutschland Zust\u00e4ndige Regulierungs-, bzw. Aufsichtsbeh\u00f6rde: Medienanstalt Rheinland-Pfalz, https:\/\/www.lmk-online.de\/ Angaben zum Unternehmen Haftungs- und Schutzrechtshinweise Haftungsausschluss: Die Inhalte dieses Onlineangebotes wurden sorgf\u00e4ltig und nach unserem aktuellen Kenntnisstand erstellt, dienen jedoch nur der Information und entfalten keine rechtlich bindende Wirkung, sofern es sich nicht um &#8230;<\/p>\n","protected":false},"author":1,"featured_media":0,"parent":0,"menu_order":0,"comment_status":"closed","ping_status":"open","template":"","meta":[],"_links":{"self":[{"href":"http:\/\/manuelastrack.com\/index.php?rest_route=\/wp\/v2\/pages\/464"}],"collection":[{"href":"http:\/\/manuelastrack.com\/index.php?rest_route=\/wp\/v2\/pages"}],"about":[{"href":"http:\/\/manuelastrack.com\/index.php?rest_route=\/wp\/v2\/types\/page"}],"author":[{"embeddable":true,"href":"http:\/\/manuelastrack.com\/index.php?rest_route=\/wp\/v2\/users\/1"}],"replies":[{"embeddable":true,"href":"http:\/\/manuelastrack.com\/index.php?rest_route=%2Fwp%2Fv2%2Fcomments&post=464"}],"version-history":[{"count":15,"href":"http:\/\/manuelastrack.com\/index.php?rest_route=\/wp\/v2\/pages\/464\/revisions"}],"predecessor-version":[{"id":1002,"href":"http:\/\/manuelastrack.com\/index.php?rest_route=\/wp\/v2\/pages\/464\/revisions\/1002"}],"wp:attachment":[{"href":"http:\/\/manuelastrack.com\/index.php?rest_route=%2Fwp%2Fv2%2Fmedia&parent=464"}],"curies":[{"name":"wp","href":"https:\/\/api.w.org\/{rel}","templated":true}]}}