{"id":1026,"date":"2021-10-21T17:25:38","date_gmt":"2021-10-21T17:25:38","guid":{"rendered":"http:\/\/manuelastrack.com\/?page_id=1026"},"modified":"2021-10-21T17:29:26","modified_gmt":"2021-10-21T17:29:26","slug":"operiamo","status":"publish","type":"page","link":"http:\/\/manuelastrack.com\/?page_id=1026","title":{"rendered":"OPERiAMO"},"content":{"rendered":"\t\t<div data-elementor-type=\"wp-page\" data-elementor-id=\"1026\" class=\"elementor elementor-1026\" data-elementor-settings=\"[]\">\n\t\t\t\t\t\t\t<div class=\"elementor-section-wrap\">\n\t\t\t\t\t\t\t<section class=\"elementor-section elementor-top-section elementor-element elementor-element-6f2eb49 elementor-section-boxed elementor-section-height-default elementor-section-height-default\" data-id=\"6f2eb49\" data-element_type=\"section\">\n\t\t\t\t\t\t<div class=\"elementor-container elementor-column-gap-default\">\n\t\t\t\t\t<div class=\"elementor-column elementor-col-100 elementor-top-column elementor-element elementor-element-2c6368b\" data-id=\"2c6368b\" data-element_type=\"column\">\n\t\t\t<div class=\"elementor-widget-wrap elementor-element-populated\">\n\t\t\t\t\t\t\t\t<div class=\"elementor-element elementor-element-3d6ab8f elementor-widget elementor-widget-text-editor\" data-id=\"3d6ab8f\" data-element_type=\"widget\" data-widget_type=\"text-editor.default\">\n\t\t\t\t<div class=\"elementor-widget-container\">\n\t\t\t<style>\/*! elementor - v3.5.5 - 03-02-2022 *\/\n.elementor-widget-text-editor.elementor-drop-cap-view-stacked .elementor-drop-cap{background-color:#818a91;color:#fff}.elementor-widget-text-editor.elementor-drop-cap-view-framed .elementor-drop-cap{color:#818a91;border:3px solid;background-color:transparent}.elementor-widget-text-editor:not(.elementor-drop-cap-view-default) .elementor-drop-cap{margin-top:8px}.elementor-widget-text-editor:not(.elementor-drop-cap-view-default) .elementor-drop-cap-letter{width:1em;height:1em}.elementor-widget-text-editor .elementor-drop-cap{float:left;text-align:center;line-height:1;font-size:50px}.elementor-widget-text-editor .elementor-drop-cap-letter{display:inline-block}<\/style>\t\t\t\t<p>Die OPERiAMO gGmbH stellt die Fortf\u00fchrung und Erweiterung unserer bisherigen kulturellen T\u00e4tigkeiten mit der Jungen Oper Rhein-Main und dem Kammerchor Rheinland-Pfalz sowie unseres sonstigen k\u00fcnstlerischen Engagements dar.<\/p><p>Als feste Betriebsst\u00e4tte hat die OPERiAMO gGmbH ein ehemaliges Ladengesch\u00e4ft in Boppard angemietet und dieses zu einer soziokulturellen Initiative, dem \u201eBlauen Salon\u201c umgebaut.<\/p><p>Unsere Arbeit umfasst vier Schwerpunktbereiche:<\/p><ul><li>Kulturelle Bildung mit einem Schwerpunkt im Kinder- und Jugendbereich<\/li><li>Workshops und Kursangebote<\/li><li>Organisation von Kulturveranstaltungen<\/li><li>Galeriebetrieb<\/li><\/ul>\t\t\t\t\t\t<\/div>\n\t\t\t\t<\/div>\n\t\t\t\t\t<\/div>\n\t\t<\/div>\n\t\t\t\t\t\t\t<\/div>\n\t\t<\/section>\n\t\t\t\t<section class=\"elementor-section elementor-top-section elementor-element elementor-element-5a113c9 elementor-section-boxed elementor-section-height-default elementor-section-height-default\" data-id=\"5a113c9\" data-element_type=\"section\">\n\t\t\t\t\t\t<div class=\"elementor-container elementor-column-gap-default\">\n\t\t\t\t\t<div class=\"elementor-column elementor-col-100 elementor-top-column elementor-element elementor-element-f835813\" data-id=\"f835813\" data-element_type=\"column\">\n\t\t\t<div class=\"elementor-widget-wrap elementor-element-populated\">\n\t\t\t\t\t\t\t\t<div class=\"elementor-element elementor-element-3a07ef3 elementor-widget elementor-widget-text-editor\" data-id=\"3a07ef3\" data-element_type=\"widget\" data-widget_type=\"text-editor.default\">\n\t\t\t\t<div class=\"elementor-widget-container\">\n\t\t\t\t\t\t\t<p><a href=\"https:\/\/www.operiamo.de\" target=\"_blank\" rel=\"noopener\">www.operiamo.de<\/a><br \/><a href=\"https:\/\/www.blauersalon.art\" target=\"_blank\" rel=\"noopener\">www.blauersalon.art<\/a><br \/><a href=\"https:\/\/www.facebook.com\/kulturistkeinluxus\" target=\"_blank\" rel=\"noopener\">www.facebook.com\/kulturistkeinluxus<\/a><br \/><a href=\"https:\/\/www.instagram.com\/operiamo\" target=\"_blank\" rel=\"noopener\">www.instagram.com\/operiamo<\/a><\/p>\t\t\t\t\t\t<\/div>\n\t\t\t\t<\/div>\n\t\t\t\t\t<\/div>\n\t\t<\/div>\n\t\t\t\t\t\t\t<\/div>\n\t\t<\/section>\n\t\t\t\t\t\t<\/div>\n\t\t\t\t\t<\/div>\n\t\t","protected":false},"excerpt":{"rendered":"<p>Die OPERiAMO gGmbH stellt die Fortf\u00fchrung und Erweiterung unserer bisherigen kulturellen T\u00e4tigkeiten mit der Jungen Oper Rhein-Main und dem Kammerchor Rheinland-Pfalz sowie unseres sonstigen k\u00fcnstlerischen Engagements dar. Als feste Betriebsst\u00e4tte hat die OPERiAMO gGmbH ein ehemaliges Ladengesch\u00e4ft in Boppard angemietet und dieses zu einer soziokulturellen Initiative, dem \u201eBlauen Salon\u201c umgebaut. Unsere Arbeit umfasst vier Schwerpunktbereiche: &#8230;<\/p>\n","protected":false},"author":1,"featured_media":0,"parent":0,"menu_order":0,"comment_status":"closed","ping_status":"closed","template":"","meta":[],"_links":{"self":[{"href":"http:\/\/manuelastrack.com\/index.php?rest_route=\/wp\/v2\/pages\/1026"}],"collection":[{"href":"http:\/\/manuelastrack.com\/index.php?rest_route=\/wp\/v2\/pages"}],"about":[{"href":"http:\/\/manuelastrack.com\/index.php?rest_route=\/wp\/v2\/types\/page"}],"author":[{"embeddable":true,"href":"http:\/\/manuelastrack.com\/index.php?rest_route=\/wp\/v2\/users\/1"}],"replies":[{"embeddable":true,"href":"http:\/\/manuelastrack.com\/index.php?rest_route=%2Fwp%2Fv2%2Fcomments&post=1026"}],"version-history":[{"count":4,"href":"http:\/\/manuelastrack.com\/index.php?rest_route=\/wp\/v2\/pages\/1026\/revisions"}],"predecessor-version":[{"id":1031,"href":"http:\/\/manuelastrack.com\/index.php?rest_route=\/wp\/v2\/pages\/1026\/revisions\/1031"}],"wp:attachment":[{"href":"http:\/\/manuelastrack.com\/index.php?rest_route=%2Fwp%2Fv2%2Fmedia&parent=1026"}],"curies":[{"name":"wp","href":"https:\/\/api.w.org\/{rel}","templated":true}]}}